{"id":7441,"date":"2026-04-18T12:09:33","date_gmt":"2026-04-18T15:09:33","guid":{"rendered":"https:\/\/totalmuebles.cl\/?post_type=product&#038;p=7441"},"modified":"2026-04-18T12:12:18","modified_gmt":"2026-04-18T15:12:18","slug":"estante-organizador-20-espacios","status":"publish","type":"product","link":"https:\/\/totalmuebles.cl\/?product=estante-organizador-20-espacios","title":{"rendered":"ESTANTE ORGANIZADOR 20 ESPACIOS"},"content":{"rendered":"<p>ESTANTE ORGANIZADOR<\/p>\n<p>DIMENSIONES<\/p>\n<p>ALTO 100 CM<\/p>\n<p>ANCHO 1.60 MTR<\/p>\n<p>PROFUNDIDAD 30 CM<\/p>\n<p>FABRICADO EN MELAMINA DE 15 MM<\/p>\n<p>TAPACANTOS DE PVC<\/p>\n<p>PATINES DE ALTA DENSIDAD<\/p>\n<p>FONDO DUROLAC DE 4 MM<\/p>\n","protected":false},"excerpt":{"rendered":"<div class=\"mfn-icon-box mfn-icon-box-top mfn-icon-box-center\">\n<div class=\"icon-wrapper\">Dise\u00f1amos muebles a medida,<\/div>\n<div class=\"desc-wrapper\">\n<p>solo cont\u00e1ctanos por WhatsApp, o al Correo.<\/p>\n<h3>contacto@totalmuebles.cl<\/h3>\n<h3>+56942083896<\/h3>\n<p>Env\u00edos para todo Chile Tiempo de Entrega de 3 \u2013 5 d\u00edas h\u00e1biles.<\/p>\n<\/div>\n<\/div>\n<h4 class=\"title\"><img decoding=\"async\" class=\"aligncenter\" src=\"https:\/\/media.istockphoto.com\/id\/1322673846\/es\/vector\/pegatina-de-env%C3%ADo-gratis-entrega-gratuita-insignia-con-cami%C3%B3n-vector-en-fondo-aislado-eps-10.jpg?s=612x612&amp;w=0&amp;k=20&amp;c=xPzW7KxoC9Dfol2aOc3UCOtOms7mCvqWMYruzN8pL-w=\" alt=\"2.200+ Env\u00edo Gratis Fotograf\u00edas de stock, fotos e im\u00e1genes ...\" width=\"87\" height=\"87\" \/><\/h4>\n<div class=\"mfn-icon-box mfn-icon-box-top mfn-icon-box-center\">\n<div class=\"desc-wrapper\">\n<p>SOMOS FABRICANTES<\/p>\n<p><img decoding=\"async\" class=\"alignnone size-medium wp-image-6578 aligncenter\" src=\"https:\/\/totalmuebles.cl\/wp-content\/uploads\/2023\/01\/descarga-300x77.jpeg\" alt=\"\" width=\"300\" height=\"77\" srcset=\"https:\/\/totalmuebles.cl\/wp-content\/uploads\/2023\/01\/descarga-300x77.jpeg 300w, https:\/\/totalmuebles.cl\/wp-content\/uploads\/2023\/01\/descarga.jpeg 442w\" sizes=\"(max-width: 300px) 100vw, 300px\" \/><\/p>\n<\/div>\n<\/div>\n","protected":false},"featured_media":7442,"comment_status":"open","ping_status":"closed","template":"","meta":[],"product_brand":[],"product_cat":[167,169,149],"product_tag":[],"class_list":{"0":"post-7441","1":"product","2":"type-product","3":"status-publish","4":"has-post-thumbnail","6":"product_cat-almacenamiento","7":"product_cat-infantil","8":"product_cat-junji","10":"first","11":"onbackorder","12":"sale","13":"taxable","14":"shipping-taxable","15":"purchasable","16":"product-type-simple","17":"add-to-wishlist-after_add_to_cart"},"_links":{"self":[{"href":"https:\/\/totalmuebles.cl\/index.php?rest_route=\/wp\/v2\/product\/7441","targetHints":{"allow":["GET"]}}],"collection":[{"href":"https:\/\/totalmuebles.cl\/index.php?rest_route=\/wp\/v2\/product"}],"about":[{"href":"https:\/\/totalmuebles.cl\/index.php?rest_route=\/wp\/v2\/types\/product"}],"replies":[{"embeddable":true,"href":"https:\/\/totalmuebles.cl\/index.php?rest_route=%2Fwp%2Fv2%2Fcomments&post=7441"}],"wp:featuredmedia":[{"embeddable":true,"href":"https:\/\/totalmuebles.cl\/index.php?rest_route=\/wp\/v2\/media\/7442"}],"wp:attachment":[{"href":"https:\/\/totalmuebles.cl\/index.php?rest_route=%2Fwp%2Fv2%2Fmedia&parent=7441"}],"wp:term":[{"taxonomy":"product_brand","embeddable":true,"href":"https:\/\/totalmuebles.cl\/index.php?rest_route=%2Fwp%2Fv2%2Fproduct_brand&post=7441"},{"taxonomy":"product_cat","embeddable":true,"href":"https:\/\/totalmuebles.cl\/index.php?rest_route=%2Fwp%2Fv2%2Fproduct_cat&post=7441"},{"taxonomy":"product_tag","embeddable":true,"href":"https:\/\/totalmuebles.cl\/index.php?rest_route=%2Fwp%2Fv2%2Fproduct_tag&post=7441"}],"curies":[{"name":"wp","href":"https:\/\/api.w.org\/{rel}","templated":true}]}}