{"id":7204,"date":"2025-03-04T15:35:33","date_gmt":"2025-03-04T18:35:33","guid":{"rendered":"https:\/\/totalmuebles.cl\/?post_type=product&#038;p=7204"},"modified":"2025-03-04T15:35:33","modified_gmt":"2025-03-04T18:35:33","slug":"piso-infantil-modelo-junji","status":"publish","type":"product","link":"https:\/\/totalmuebles.cl\/?product=piso-infantil-modelo-junji","title":{"rendered":"PISO INFANTIL MODELO JUNJI"},"content":{"rendered":"<div>FABRICADO EN\u00a0 MADERA TERCIADA 18 MM CALIDAD A\/A, ENCHAPADA CON FORMALITA BLANCA,\u00a0 BARNIZ AL AGUA NO T\u00d3XICO ANTIBACTERIAL, BORDES REDONDEADOS, TERMINACI\u00d3N SUAVE AL TACTO.<\/div>\n<div>UNIONES: TORNILLOS NEGROS DRYWALL A LA VISTA.<\/div>\n<div>DIMENSIONES:<\/div>\n<div><\/div>\n<div>ANCHO: 28 CM.<\/div>\n<div>PROFUNDIDAD: 28 CM.<\/div>\n<div>ALTO: 25 CM.<\/div>\n","protected":false},"excerpt":{"rendered":"<div class=\"mfn-icon-box mfn-icon-box-top mfn-icon-box-center\">\n<div class=\"icon-wrapper\" style=\"text-align: center;\">Dise\u00f1amos muebles a medida,<\/div>\n<div class=\"desc-wrapper\" style=\"text-align: center;\">\n<p>solo cont\u00e1ctanos por WhatsApp, o al Correo.<\/p>\n<h3>contacto@totalmuebles.cl<\/h3>\n<h3>+56942083896<\/h3>\n<p>Env\u00edos para todo Chile Tiempo de Entrega de 3 \u2013 5 d\u00edas h\u00e1biles.<\/p>\n<\/div>\n<\/div>\n<h4 class=\"title\" style=\"text-align: center;\"><img decoding=\"async\" class=\"aligncenter\" src=\"https:\/\/media.istockphoto.com\/id\/1322673846\/es\/vector\/pegatina-de-env%C3%ADo-gratis-entrega-gratuita-insignia-con-cami%C3%B3n-vector-en-fondo-aislado-eps-10.jpg?s=612x612&amp;w=0&amp;k=20&amp;c=xPzW7KxoC9Dfol2aOc3UCOtOms7mCvqWMYruzN8pL-w=\" alt=\"2.200+ Env\u00edo Gratis Fotograf\u00edas de stock, fotos e im\u00e1genes ...\" width=\"87\" height=\"87\" \/><\/h4>\n<div class=\"mfn-icon-box mfn-icon-box-top mfn-icon-box-center\">\n<div class=\"desc-wrapper\">\n<p style=\"text-align: center;\">SOMOS FABRICANTES<\/p>\n<p><img decoding=\"async\" class=\"alignnone size-medium wp-image-6578 aligncenter\" src=\"https:\/\/totalmuebles.cl\/wp-content\/uploads\/2023\/01\/descarga-300x77.jpeg\" alt=\"\" width=\"300\" height=\"77\" srcset=\"https:\/\/totalmuebles.cl\/wp-content\/uploads\/2023\/01\/descarga-300x77.jpeg 300w, https:\/\/totalmuebles.cl\/wp-content\/uploads\/2023\/01\/descarga.jpeg 442w\" sizes=\"(max-width: 300px) 100vw, 300px\" \/><\/p>\n<\/div>\n<\/div>\n","protected":false},"featured_media":7139,"comment_status":"open","ping_status":"closed","template":"","meta":[],"product_brand":[],"product_cat":[149,162],"product_tag":[],"class_list":{"0":"post-7204","1":"product","2":"type-product","3":"status-publish","4":"has-post-thumbnail","6":"product_cat-junji","7":"product_cat-silla-junji","9":"first","10":"onbackorder","11":"taxable","12":"shipping-taxable","13":"purchasable","14":"product-type-simple","15":"add-to-wishlist-after_add_to_cart"},"_links":{"self":[{"href":"https:\/\/totalmuebles.cl\/index.php?rest_route=\/wp\/v2\/product\/7204","targetHints":{"allow":["GET"]}}],"collection":[{"href":"https:\/\/totalmuebles.cl\/index.php?rest_route=\/wp\/v2\/product"}],"about":[{"href":"https:\/\/totalmuebles.cl\/index.php?rest_route=\/wp\/v2\/types\/product"}],"replies":[{"embeddable":true,"href":"https:\/\/totalmuebles.cl\/index.php?rest_route=%2Fwp%2Fv2%2Fcomments&post=7204"}],"wp:featuredmedia":[{"embeddable":true,"href":"https:\/\/totalmuebles.cl\/index.php?rest_route=\/wp\/v2\/media\/7139"}],"wp:attachment":[{"href":"https:\/\/totalmuebles.cl\/index.php?rest_route=%2Fwp%2Fv2%2Fmedia&parent=7204"}],"wp:term":[{"taxonomy":"product_brand","embeddable":true,"href":"https:\/\/totalmuebles.cl\/index.php?rest_route=%2Fwp%2Fv2%2Fproduct_brand&post=7204"},{"taxonomy":"product_cat","embeddable":true,"href":"https:\/\/totalmuebles.cl\/index.php?rest_route=%2Fwp%2Fv2%2Fproduct_cat&post=7204"},{"taxonomy":"product_tag","embeddable":true,"href":"https:\/\/totalmuebles.cl\/index.php?rest_route=%2Fwp%2Fv2%2Fproduct_tag&post=7204"}],"curies":[{"name":"wp","href":"https:\/\/api.w.org\/{rel}","templated":true}]}}