{"id":6948,"date":"2024-05-26T20:01:54","date_gmt":"2024-05-26T23:01:54","guid":{"rendered":"https:\/\/totalmuebles.cl\/?post_type=product&#038;p=6948"},"modified":"2024-10-22T17:02:21","modified_gmt":"2024-10-22T20:02:21","slug":"comedor-6-sillas-madera","status":"publish","type":"product","link":"https:\/\/totalmuebles.cl\/?product=comedor-6-sillas-madera","title":{"rendered":"COMEDOR 6 SILLAS MADERA"},"content":{"rendered":"<div><b>Comedor Nacional Rayenco 6 Sillas Color Raul\u00ed Tapiz Canela<\/b><\/div>\n<div>\n<p>El comedor de 6 sillas no es solo un conjunto de muebles; es un s\u00edmbolo de calidad arraigado en el coraz\u00f3n. Cada pieza es m\u00e1s que una obra maestra; es un testamento a nuestra dedicaci\u00f3n para brindarte lo mejor. La esencia del raul\u00ed, resplandeciente con su barniz color raul\u00ed, evoca la rica herencia de la madera noble, mientras que la tapicer\u00eda de lino importado a\u00f1ade una dimensi\u00f3n de lujo y confort.<\/p>\n<p>Imagina el brillo del raul\u00ed iluminando tu espacio, un recordatorio de que la elegancia atemporal no conoce l\u00edmites temporales. El barniz, aplicado con maestr\u00eda, resalta la rica textura y tonalidades naturales de la madera, creando un efecto visual cautivador que solo mejora con el tiempo. Cada silla, envuelta en el suave abrazo del lino importado, es una invitaci\u00f3n a la comodidad y la gracia. Siente la suavidad al tacto.<\/p>\n<p><b>Descripci\u00f3n:<\/b>\u00a0Moderno y c\u00f3modo comedor rectangular.<\/p>\n<p><b>Tapiz<\/b>: Lino importado color Canela.<\/p>\n<p><b>Color de Madera:<\/b>\u00a0Nogal.<\/p>\n<p><b>Material de la base:<\/b>\u00a0Madera pino Insigne.<\/p>\n<p><b>Material de la cubierta:<\/b>\u00a0Madera pino Insigne.<\/p>\n<p><b>Acabado:<\/b>\u00a0Barniz sellador mate 10 org\u00e1nico.<\/p>\n<p><b>N\u00famero de personas:<\/b>\u00a06.<\/p>\n<p><b>N\u00famero de sillas incluidas:<\/b>\u00a06.<\/p>\n<p>&nbsp;<\/p>\n<p><b>Dimensi\u00f3n del comedor:<\/b><\/p>\n<p><b>Ancho:<\/b>\u00a092 cm<\/p>\n<p><b>Largo:<\/b>\u00a0160 cm<\/p>\n<p><b>Alto:<\/b>\u00a078.5 cm<\/p>\n<p>&nbsp;<\/p>\n<p><b>Dimensiones de las sillas:<\/b><\/p>\n<p><b>Alto total de la silla:<\/b>\u00a0104.5 cm<\/p>\n<p><b>Alto del asiento de la silla:<\/b>\u00a050 cm<\/p>\n<p><b>Ancho de la silla:<\/b>\u00a050 cm<\/p>\n<p><b>Profundidad de la silla:<\/b>\u00a042 cm<\/p>\n<\/div>\n","protected":false},"excerpt":{"rendered":"<p style=\"text-align: center;\">Dise\u00f1amos muebles a medida,<\/p>\n<p style=\"text-align: center;\">solo cont\u00e1ctanos por WhatsApp, o al Correo.<\/p>\n<h3 style=\"text-align: center;\">contacto@totalmuebles.cl<\/h3>\n<h3 style=\"text-align: center;\">+56942083896<\/h3>\n<p style=\"text-align: center;\">Env\u00edos para todo Chile Tiempo de Entrega de 3 \u2013 5 d\u00edas h\u00e1biles.<\/p>\n<p style=\"text-align: center;\">SOMOS FABRICANTES<\/p>\n<p><img decoding=\"async\" class=\"alignnone size-medium wp-image-6578 aligncenter\" src=\"https:\/\/totalmuebles.cl\/wp-content\/uploads\/2023\/01\/descarga-300x77.jpeg\" alt=\"\" width=\"300\" height=\"77\" srcset=\"https:\/\/totalmuebles.cl\/wp-content\/uploads\/2023\/01\/descarga-300x77.jpeg 300w, https:\/\/totalmuebles.cl\/wp-content\/uploads\/2023\/01\/descarga.jpeg 442w\" sizes=\"(max-width: 300px) 100vw, 300px\" \/><\/p>\n","protected":false},"featured_media":6949,"comment_status":"open","ping_status":"closed","template":"","meta":[],"product_brand":[],"product_cat":[152,158,16],"product_tag":[],"class_list":{"0":"post-6948","1":"product","2":"type-product","3":"status-publish","4":"has-post-thumbnail","6":"product_cat-hogar","7":"product_cat-living","8":"product_cat-uncategorized","10":"first","11":"onbackorder","12":"taxable","13":"shipping-taxable","14":"purchasable","15":"product-type-simple","16":"add-to-wishlist-after_add_to_cart"},"_links":{"self":[{"href":"https:\/\/totalmuebles.cl\/index.php?rest_route=\/wp\/v2\/product\/6948","targetHints":{"allow":["GET"]}}],"collection":[{"href":"https:\/\/totalmuebles.cl\/index.php?rest_route=\/wp\/v2\/product"}],"about":[{"href":"https:\/\/totalmuebles.cl\/index.php?rest_route=\/wp\/v2\/types\/product"}],"replies":[{"embeddable":true,"href":"https:\/\/totalmuebles.cl\/index.php?rest_route=%2Fwp%2Fv2%2Fcomments&post=6948"}],"wp:featuredmedia":[{"embeddable":true,"href":"https:\/\/totalmuebles.cl\/index.php?rest_route=\/wp\/v2\/media\/6949"}],"wp:attachment":[{"href":"https:\/\/totalmuebles.cl\/index.php?rest_route=%2Fwp%2Fv2%2Fmedia&parent=6948"}],"wp:term":[{"taxonomy":"product_brand","embeddable":true,"href":"https:\/\/totalmuebles.cl\/index.php?rest_route=%2Fwp%2Fv2%2Fproduct_brand&post=6948"},{"taxonomy":"product_cat","embeddable":true,"href":"https:\/\/totalmuebles.cl\/index.php?rest_route=%2Fwp%2Fv2%2Fproduct_cat&post=6948"},{"taxonomy":"product_tag","embeddable":true,"href":"https:\/\/totalmuebles.cl\/index.php?rest_route=%2Fwp%2Fv2%2Fproduct_tag&post=6948"}],"curies":[{"name":"wp","href":"https:\/\/api.w.org\/{rel}","templated":true}]}}