{"id":6762,"date":"2024-03-05T11:00:37","date_gmt":"2024-03-05T14:00:37","guid":{"rendered":"https:\/\/totalmuebles.cl\/?post_type=product&#038;p=6762"},"modified":"2024-10-23T11:45:05","modified_gmt":"2024-10-23T14:45:05","slug":"silla-oficina-malla","status":"publish","type":"product","link":"https:\/\/totalmuebles.cl\/?product=silla-oficina-malla","title":{"rendered":"SILLA OFICINA MALLA"},"content":{"rendered":"<h3 class=\"fb-cpy-bold\">Silla Ejecutiva de Just Home Collection<\/h3>\n<p class=\"fb-cpy-small\">De estilo moderno, la Silla PC Ejecutiva de Just Home Collection es apta para incluirla en tu lugar de trabajo, ya sea en una oficina o en tu casa. Tiene un dise\u00f1o que deja atr\u00e1s modelos cl\u00e1sicos con toques originales. Tremendamente c\u00f3moda para estar frente al computador durante extensas jornadas de trabajo.<\/p>\n<table class=\"jsx-960159652 specification-table \" style=\"height: 304px;\" width=\"313\">\n<tbody class=\"jsx-960159652\">\n<tr class=\"jsx-960159652\">\n<td class=\"jsx-960159652 property-name\">Tipo de silla de escritorio<\/td>\n<td class=\"jsx-960159652 property-value\">Ejecutiva<\/td>\n<\/tr>\n<tr class=\"jsx-960159652\">\n<td class=\"jsx-960159652 property-name\">Apoyabrazos<\/td>\n<td class=\"jsx-960159652 property-value\">Si<\/td>\n<\/tr>\n<tr class=\"jsx-960159652\">\n<td class=\"jsx-960159652 property-name\">Garant\u00eda_<\/td>\n<td class=\"jsx-960159652 property-value\">1 a\u00f1o<\/td>\n<\/tr>\n<tr class=\"jsx-960159652\">\n<td class=\"jsx-960159652 property-name\">Material de la estructura<\/td>\n<td class=\"jsx-960159652 property-value\">Metal<\/td>\n<\/tr>\n<tr class=\"jsx-960159652\">\n<td class=\"jsx-960159652 property-name\">Cuenta con ruedas<\/td>\n<td class=\"jsx-960159652 property-value\">Si<\/td>\n<\/tr>\n<tr class=\"jsx-960159652\">\n<td class=\"jsx-960159652 property-name\">Color<\/td>\n<td class=\"jsx-960159652 property-value\">Negro<\/td>\n<\/tr>\n<tr class=\"jsx-960159652\">\n<td class=\"jsx-960159652 property-name\">Alto<\/td>\n<td class=\"jsx-960159652 property-value\">122 cm<\/td>\n<\/tr>\n<tr class=\"jsx-960159652\">\n<td class=\"jsx-960159652 property-name\">Dificultad de armado<\/td>\n<td class=\"jsx-960159652 property-value\">Baja<\/td>\n<\/tr>\n<tr class=\"jsx-960159652\">\n<td class=\"jsx-960159652 property-name\">Ancho<\/td>\n<td class=\"jsx-960159652 property-value\">55 cm<\/td>\n<\/tr>\n<tr class=\"jsx-960159652\">\n<td class=\"jsx-960159652 property-name\">Profundidad<\/td>\n<td class=\"jsx-960159652 property-value\">64 cm<\/td>\n<\/tr>\n<\/tbody>\n<\/table>\n<p>&nbsp;<\/p>\n","protected":false},"excerpt":{"rendered":"<div class=\"mfn-icon-box mfn-icon-box-top mfn-icon-box-center\">\n<div class=\"icon-wrapper\" style=\"text-align: center;\">Dise\u00f1amos muebles a medida,<\/div>\n<div class=\"desc-wrapper\" style=\"text-align: center;\">\n<p>solo cont\u00e1ctanos por WhatsApp, o al Correo.<\/p>\n<h3>contacto@totalmuebles.cl<\/h3>\n<h3>+56942083896<\/h3>\n<p>Env\u00edos para todo Chile Tiempo de Entrega de 3 \u2013 5 d\u00edas h\u00e1biles.<\/p>\n<\/div>\n<\/div>\n<h4 class=\"title\" style=\"text-align: center;\"><img decoding=\"async\" class=\"aligncenter\" src=\"https:\/\/media.istockphoto.com\/id\/1322673846\/es\/vector\/pegatina-de-env%C3%ADo-gratis-entrega-gratuita-insignia-con-cami%C3%B3n-vector-en-fondo-aislado-eps-10.jpg?s=612x612&amp;w=0&amp;k=20&amp;c=xPzW7KxoC9Dfol2aOc3UCOtOms7mCvqWMYruzN8pL-w=\" alt=\"2.200+ Env\u00edo Gratis Fotograf\u00edas de stock, fotos e im\u00e1genes ...\" width=\"87\" height=\"87\" \/><\/h4>\n<div class=\"mfn-icon-box mfn-icon-box-top mfn-icon-box-center\">\n<div class=\"desc-wrapper\">\n<p style=\"text-align: center;\">SOMOS FABRICANTES<\/p>\n<p><img decoding=\"async\" class=\"alignnone size-medium wp-image-6578 aligncenter\" src=\"https:\/\/totalmuebles.cl\/wp-content\/uploads\/2023\/01\/descarga-300x77.jpeg\" alt=\"\" width=\"300\" height=\"77\" srcset=\"https:\/\/totalmuebles.cl\/wp-content\/uploads\/2023\/01\/descarga-300x77.jpeg 300w, https:\/\/totalmuebles.cl\/wp-content\/uploads\/2023\/01\/descarga.jpeg 442w\" sizes=\"(max-width: 300px) 100vw, 300px\" \/><\/p>\n<\/div>\n<\/div>\n","protected":false},"featured_media":6563,"comment_status":"open","ping_status":"closed","template":"","meta":[],"product_brand":[],"product_cat":[150],"product_tag":[],"class_list":{"0":"post-6762","1":"product","2":"type-product","3":"status-publish","4":"has-post-thumbnail","6":"product_cat-sillas","8":"first","9":"instock","10":"sale","11":"taxable","12":"shipping-taxable","13":"purchasable","14":"product-type-simple","15":"add-to-wishlist-after_add_to_cart"},"_links":{"self":[{"href":"https:\/\/totalmuebles.cl\/index.php?rest_route=\/wp\/v2\/product\/6762","targetHints":{"allow":["GET"]}}],"collection":[{"href":"https:\/\/totalmuebles.cl\/index.php?rest_route=\/wp\/v2\/product"}],"about":[{"href":"https:\/\/totalmuebles.cl\/index.php?rest_route=\/wp\/v2\/types\/product"}],"replies":[{"embeddable":true,"href":"https:\/\/totalmuebles.cl\/index.php?rest_route=%2Fwp%2Fv2%2Fcomments&post=6762"}],"wp:featuredmedia":[{"embeddable":true,"href":"https:\/\/totalmuebles.cl\/index.php?rest_route=\/wp\/v2\/media\/6563"}],"wp:attachment":[{"href":"https:\/\/totalmuebles.cl\/index.php?rest_route=%2Fwp%2Fv2%2Fmedia&parent=6762"}],"wp:term":[{"taxonomy":"product_brand","embeddable":true,"href":"https:\/\/totalmuebles.cl\/index.php?rest_route=%2Fwp%2Fv2%2Fproduct_brand&post=6762"},{"taxonomy":"product_cat","embeddable":true,"href":"https:\/\/totalmuebles.cl\/index.php?rest_route=%2Fwp%2Fv2%2Fproduct_cat&post=6762"},{"taxonomy":"product_tag","embeddable":true,"href":"https:\/\/totalmuebles.cl\/index.php?rest_route=%2Fwp%2Fv2%2Fproduct_tag&post=6762"}],"curies":[{"name":"wp","href":"https:\/\/api.w.org\/{rel}","templated":true}]}}