{"id":6740,"date":"2024-03-04T10:24:41","date_gmt":"2024-03-04T13:24:41","guid":{"rendered":"https:\/\/totalmuebles.cl\/?post_type=product&#038;p=6740"},"modified":"2026-02-08T18:44:55","modified_gmt":"2026-02-08T21:44:55","slug":"escritorio-3-cajones","status":"publish","type":"product","link":"https:\/\/totalmuebles.cl\/?product=escritorio-3-cajones","title":{"rendered":"ESCRITORIO 3 CAJONES"},"content":{"rendered":"<p>MATERIAL: MELAMINA 18 MM.<\/p>\n<p>CUBIERTA : ENGROSADA A\u00a0 30 MM<\/p>\n<p>CANTOS: PVC<\/p>\n<p>PASACABLES: NO<\/p>\n<p>CAJONES: 3<\/p>\n<p>RIELES: TELESCOPIOCOS<\/p>\n<p>PATINES: PLASTICOS<\/p>\n<p>MEDIDAS:<\/p>\n<p>ALTO: 76 CM<\/p>\n<p>ANCHO: 120 CM<\/p>\n<p>PROFUNDIDAD: 60 CM<\/p>\n","protected":false},"excerpt":{"rendered":"<div class=\"mfn-icon-box mfn-icon-box-top mfn-icon-box-center\">\n<div class=\"icon-wrapper\" style=\"text-align: center;\">Dise\u00f1amos muebles a medida,<\/div>\n<div class=\"desc-wrapper\" style=\"text-align: center;\">\n<p>solo cont\u00e1ctanos por WhatsApp, o al Correo.<\/p>\n<h3>contacto@totalmuebles.cl<\/h3>\n<h3>+56942083896<\/h3>\n<p>Env\u00edos para todo Chile Tiempo de Entrega de 3 \u2013 5 d\u00edas h\u00e1biles.<\/p>\n<\/div>\n<\/div>\n<h4 class=\"title\" style=\"text-align: center;\"><img decoding=\"async\" class=\"aligncenter\" src=\"https:\/\/media.istockphoto.com\/id\/1322673846\/es\/vector\/pegatina-de-env%C3%ADo-gratis-entrega-gratuita-insignia-con-cami%C3%B3n-vector-en-fondo-aislado-eps-10.jpg?s=612x612&amp;w=0&amp;k=20&amp;c=xPzW7KxoC9Dfol2aOc3UCOtOms7mCvqWMYruzN8pL-w=\" alt=\"2.200+ Env\u00edo Gratis Fotograf\u00edas de stock, fotos e im\u00e1genes ...\" width=\"87\" height=\"87\" \/><\/h4>\n<div class=\"mfn-icon-box mfn-icon-box-top mfn-icon-box-center\">\n<div class=\"desc-wrapper\">\n<p style=\"text-align: center;\">SOMOS FABRICANTES<\/p>\n<p><img decoding=\"async\" class=\"alignnone size-medium wp-image-6578 aligncenter\" src=\"https:\/\/totalmuebles.cl\/wp-content\/uploads\/2023\/01\/descarga-300x77.jpeg\" alt=\"\" width=\"300\" height=\"77\" srcset=\"https:\/\/totalmuebles.cl\/wp-content\/uploads\/2023\/01\/descarga-300x77.jpeg 300w, https:\/\/totalmuebles.cl\/wp-content\/uploads\/2023\/01\/descarga.jpeg 442w\" sizes=\"(max-width: 300px) 100vw, 300px\" \/><\/p>\n<\/div>\n<\/div>\n","protected":false},"featured_media":6741,"comment_status":"open","ping_status":"closed","template":"","meta":[],"product_brand":[],"product_cat":[127,44,38],"product_tag":[],"class_list":{"0":"post-6740","1":"product","2":"type-product","3":"status-publish","4":"has-post-thumbnail","6":"product_cat-escritorios","7":"product_cat-estaciones-de-trabajo","8":"product_cat-bedroom-furniture","10":"first","11":"instock","12":"sale","13":"taxable","14":"shipping-taxable","15":"purchasable","16":"product-type-simple","17":"add-to-wishlist-after_add_to_cart"},"_links":{"self":[{"href":"https:\/\/totalmuebles.cl\/index.php?rest_route=\/wp\/v2\/product\/6740","targetHints":{"allow":["GET"]}}],"collection":[{"href":"https:\/\/totalmuebles.cl\/index.php?rest_route=\/wp\/v2\/product"}],"about":[{"href":"https:\/\/totalmuebles.cl\/index.php?rest_route=\/wp\/v2\/types\/product"}],"replies":[{"embeddable":true,"href":"https:\/\/totalmuebles.cl\/index.php?rest_route=%2Fwp%2Fv2%2Fcomments&post=6740"}],"wp:featuredmedia":[{"embeddable":true,"href":"https:\/\/totalmuebles.cl\/index.php?rest_route=\/wp\/v2\/media\/6741"}],"wp:attachment":[{"href":"https:\/\/totalmuebles.cl\/index.php?rest_route=%2Fwp%2Fv2%2Fmedia&parent=6740"}],"wp:term":[{"taxonomy":"product_brand","embeddable":true,"href":"https:\/\/totalmuebles.cl\/index.php?rest_route=%2Fwp%2Fv2%2Fproduct_brand&post=6740"},{"taxonomy":"product_cat","embeddable":true,"href":"https:\/\/totalmuebles.cl\/index.php?rest_route=%2Fwp%2Fv2%2Fproduct_cat&post=6740"},{"taxonomy":"product_tag","embeddable":true,"href":"https:\/\/totalmuebles.cl\/index.php?rest_route=%2Fwp%2Fv2%2Fproduct_tag&post=6740"}],"curies":[{"name":"wp","href":"https:\/\/api.w.org\/{rel}","templated":true}]}}